{"id":4542,"date":"2025-04-01T14:42:33","date_gmt":"2025-04-01T14:42:33","guid":{"rendered":"https:\/\/eurosegur.cat\/aviso-legal\/"},"modified":"2025-04-01T14:42:33","modified_gmt":"2025-04-01T14:42:33","slug":"aviso-legal","status":"publish","type":"page","link":"https:\/\/eurosegur.cat\/es\/aviso-legal\/","title":{"rendered":"Aviso legal"},"content":{"rendered":"<h1 style=\"text-align: center;\">Aviso legal<\/h1>\n<p><strong>ROIG I ROIG CONSULTORS, ASSOCIATS I SERVEIS SL<\/strong>. en adelante Roig &amp; Roig Economistas, Abogados y Auditores declara su respeto y cumplimiento de las disposiciones recogidas en la Ley Org\u00e1nica 15\/1999, de 13 de diciembre de Protecci\u00f3n de Datos de Car\u00e1cter Personal, y en la Ley 34\/2002 de Servicios de la Sociedad de la Informaci\u00f3n y de Comercio Electr\u00f3nico.<\/p>\n<p>Cumplimiento de los niveles de seguridad de protecci\u00f3n de datos conforme al Real Decreto 994\/1999, de 11 de junio, declarando que se han establecido todos los medios t\u00e9cnicos para evitar la p\u00e9rdida, mal uso, alteraci\u00f3n, acceso no autorizado y robo de los ficheros automatizados que contengan datos de car\u00e1cter personal.<\/p>\n<p>No obstante lo anterior, la seguridad t\u00e9cnica en Internet no es inquebrantable y pueden existir filtraciones por actos fraudulentos de terceros.<\/p>\n<p>Las presentes disposiciones regulan el uso del servicio de la p\u00e1gina web que <strong>ROIG I ROIG CONSULTORS, ASSOCIATS I SERVEIS SL<\/strong> pone a disposici\u00f3n de los usuarios de Internet. Al acceder y utilizar esta p\u00e1gina web, o al descargar cualquier contenido de la misma, usted acepta las condiciones incluidas en este Aviso Legal.<\/p>\n<p>Los servicios y materiales ofrecidos en esta p\u00e1gina web se facilitan \u00fanicamente para fines informativos y en ning\u00fan caso se prestar\u00e1n a trav\u00e9s del servicio de la p\u00e1gina web.<br \/>\nLa presente p\u00e1gina web est\u00e1 protegida por los derechos de propiedad intelectual y \u00e9stos son de exclusiva propiedad de la empresa. Todo el material contenido en esto, incluyendo im\u00e1genes, textos, gr\u00e1ficos, datos, presentaciones, logotipos, iconos o c\u00f3digos HTML, est\u00e1 protegido por la ley y son propiedad de <strong>ROIG I ROIG CONSULTORS, ASSOCIATS I SERVEIS SL<\/strong> o de un tercero.<br \/>\nAsimismo,<strong> ROIG I ROIG CONSULTORES, ASOCIADOS Y SERVICIOS SL<\/strong> no se responsabiliza de los da\u00f1os y perjuicios producidos en el usuario o terceros con motivo de actuaciones basadas en la informaci\u00f3n contenida en la p\u00e1gina web, y en ning\u00fan caso, de los da\u00f1os ocurridos en los equipos inform\u00e1ticos del usuario o terceros durante la utilizaci\u00f3n de los mismos.<br \/>\nLos links a portales de terceros se facilitan \u00fanicamente por motivos informativos y de mayor servicio, y en ning\u00fan momento implican soporte publicitario o aprobaci\u00f3n por parte de <strong>ROIG I ROIG CONSULTORS, ASSOCIATS I SERVEIS SL<\/strong>, ni se responsabiliza de los contenidos de los mismos. Asimismo, se proh\u00edbe establecer una conexi\u00f3n, insertar un link o frames de cualquier tipo desde otra website en la p\u00e1gina web de <strong>ROIG I ROIG CONSULTORS, ASSOCIATS I SERVEIS SL<\/strong> sin el consentimiento expreso y por escrito de <strong>ROIG I ROIG CONSULTORS, ASSOCIATS I SERVEIS SL.<br \/>\n<\/strong>Con el fin de adaptar la p\u00e1gina web a sus preferencias y de esta forma personalizarla, <strong>ROIG I ROIG CONSULTORS, ASSOCIATS I SERVEIS SL<\/strong> podr\u00e1 hacer uso de \u201ccookies\u201d. Las cookies son unidades de datos que una p\u00e1gina web almacena en su disco duro para ayudar a alcanzar la informaci\u00f3n adecuada en un determinado momento. Usted es libre de no aceptar estas cookies mediante la correspondiente configuraci\u00f3n de su navegador, aunque esto podr\u00eda impedir el correcto funcionamiento de la p\u00e1gina web.<br \/>\nLa empresa se reserva el derecho a cambiar en cualquier momento y sin notificaci\u00f3n previa las condiciones de uso por las que se ofrece esta p\u00e1gina web. El usuario est\u00e1 obligado autom\u00e1ticamente por estas condiciones durante la navegaci\u00f3n.<br \/>\nDe acuerdo con lo que dispone la LSSICE, se le informa que <strong>ROIG I ROIG CONSULTORS, ASSOCIATS I SERVEIS SL<\/strong> tiene su domicilio social en c\/ Llu\u00eds Companys, 1, 25003 Lleida.<br \/>\n<strong>ROIG I ROIG CONSULTORS, ASSOCIATS I SERVEIS SL<\/strong>., Con NIF <strong>B-19354125<\/strong>, inscrita en el Registro Mercantil de Lleida Tom 282, Hoja L-5222, Folio 51, INSC 6\u00ba. Telf: 973270670; Fax: 973270446. Email: roig@roigiroig.com<\/p>\n<p><strong>COMPROMISO DE PROTECCI\u00d3N DE DATOS Y DE CUMPLIMIENTO DEL LSSICE Y LOPD<\/strong><\/p>\n<p><strong>ROIG I ROIG CONSULTORS, ASSOCIATS I SERVEIS SL<\/strong> a adoptado los niveles de seguridad de protecci\u00f3n de datos personales legalmente requeridos y procura instalar otros medios y medidas t\u00e9cnicas de protecci\u00f3n adicionales. Sin embargo, el Usuario debe ser consciente de que las medidas de seguridad en Internet no son inexpugnables.<\/p>\n<p>En cumplimiento de lo dispuesto en el art\u00edculo 5 de la Ley Org\u00e1nica 15\/1999 de 13 de diciembre de protecci\u00f3n de datos de car\u00e1cter personal, Roig I Roig Assessors le informa que los datos de car\u00e1cter personal que nos proporcione cuando rellene un formulario que aparezca en esta p\u00e1gina se recoger\u00e1n en ficheros cuyo responsable es prestado los servicios terceros con fines estrictamente de informaci\u00f3n empresariales. D\u00e9 su consentimiento para que los datos se traten de forma automatizada con la finalidad indicada. El usuario registrado conserva en todo momento la posibilidad de ejercitar los derechos de oposici\u00f3n, acceso, rectificaci\u00f3n y cancelaci\u00f3n de datos. Asimismo, y de conformidad con lo dispuesto en la Ley 34\/2002, de 1 de julio de servicios de la sociedad de la informaci\u00f3n y comercio electr\u00f3nico, podr\u00e1 revocar en cualquier momento el consentimiento prestado en la recepci\u00f3n de comunicaciones comerciales. En caso de duda, as\u00ed como ejercitar dichos derechos, puede dirigirse a Roig y Roig Assessors mediante correo electr\u00f3nico.<\/p>\n","protected":false},"excerpt":{"rendered":"<p>Aviso legal ROIG I ROIG CONSULTORS, ASSOCIATS I SERVEIS SL.  [&#8230;]<\/p>\n","protected":false},"author":1,"featured_media":0,"parent":0,"menu_order":0,"comment_status":"closed","ping_status":"closed","template":"100-width.php","meta":{"_acf_changed":false,"footnotes":""},"class_list":["post-4542","page","type-page","status-publish","hentry"],"acf":[],"yoast_head":"<!-- This site is optimized with the Yoast SEO plugin v25.3 - https:\/\/yoast.com\/wordpress\/plugins\/seo\/ -->\n<title>Aviso legal - Eurosegur<\/title>\n<meta name=\"robots\" content=\"index, follow, max-snippet:-1, max-image-preview:large, max-video-preview:-1\" \/>\n<link rel=\"canonical\" href=\"https:\/\/eurosegur.cat\/es\/aviso-legal\/\" \/>\n<meta property=\"og:locale\" content=\"es_ES\" \/>\n<meta property=\"og:type\" content=\"article\" \/>\n<meta property=\"og:title\" content=\"Aviso legal - Eurosegur\" \/>\n<meta property=\"og:description\" content=\"Aviso legal ROIG I ROIG CONSULTORS, ASSOCIATS I SERVEIS SL. [...]\" \/>\n<meta property=\"og:url\" content=\"https:\/\/eurosegur.cat\/es\/aviso-legal\/\" \/>\n<meta property=\"og:site_name\" content=\"Eurosegur\" \/>\n<meta name=\"twitter:card\" content=\"summary_large_image\" \/>\n<meta name=\"twitter:label1\" content=\"Tiempo de lectura\" \/>\n\t<meta name=\"twitter:data1\" content=\"4 minutos\" \/>\n<script type=\"application\/ld+json\" class=\"yoast-schema-graph\">{\"@context\":\"https:\/\/schema.org\",\"@graph\":[{\"@type\":\"WebPage\",\"@id\":\"https:\/\/eurosegur.cat\/es\/aviso-legal\/\",\"url\":\"https:\/\/eurosegur.cat\/es\/aviso-legal\/\",\"name\":\"Aviso legal - Eurosegur\",\"isPartOf\":{\"@id\":\"https:\/\/eurosegur.cat\/es\/#website\"},\"datePublished\":\"2025-04-01T14:42:33+00:00\",\"breadcrumb\":{\"@id\":\"https:\/\/eurosegur.cat\/es\/aviso-legal\/#breadcrumb\"},\"inLanguage\":\"es\",\"potentialAction\":[{\"@type\":\"ReadAction\",\"target\":[\"https:\/\/eurosegur.cat\/es\/aviso-legal\/\"]}]},{\"@type\":\"BreadcrumbList\",\"@id\":\"https:\/\/eurosegur.cat\/es\/aviso-legal\/#breadcrumb\",\"itemListElement\":[{\"@type\":\"ListItem\",\"position\":1,\"name\":\"Inici\",\"item\":\"https:\/\/eurosegur.cat\/es\/eurosegur-gestion-inmobiliaria-y-seguros\/\"},{\"@type\":\"ListItem\",\"position\":2,\"name\":\"Aviso legal\"}]},{\"@type\":\"WebSite\",\"@id\":\"https:\/\/eurosegur.cat\/es\/#website\",\"url\":\"https:\/\/eurosegur.cat\/es\/\",\"name\":\"Eurosegur\",\"description\":\"Asessorament inmobiliari personalitzat\",\"potentialAction\":[{\"@type\":\"SearchAction\",\"target\":{\"@type\":\"EntryPoint\",\"urlTemplate\":\"https:\/\/eurosegur.cat\/es\/?s={search_term_string}\"},\"query-input\":{\"@type\":\"PropertyValueSpecification\",\"valueRequired\":true,\"valueName\":\"search_term_string\"}}],\"inLanguage\":\"es\"}]}<\/script>\n<!-- \/ Yoast SEO plugin. -->","yoast_head_json":{"title":"Aviso legal - Eurosegur","robots":{"index":"index","follow":"follow","max-snippet":"max-snippet:-1","max-image-preview":"max-image-preview:large","max-video-preview":"max-video-preview:-1"},"canonical":"https:\/\/eurosegur.cat\/es\/aviso-legal\/","og_locale":"es_ES","og_type":"article","og_title":"Aviso legal - Eurosegur","og_description":"Aviso legal ROIG I ROIG CONSULTORS, ASSOCIATS I SERVEIS SL. [...]","og_url":"https:\/\/eurosegur.cat\/es\/aviso-legal\/","og_site_name":"Eurosegur","twitter_card":"summary_large_image","twitter_misc":{"Tiempo de lectura":"4 minutos"},"schema":{"@context":"https:\/\/schema.org","@graph":[{"@type":"WebPage","@id":"https:\/\/eurosegur.cat\/es\/aviso-legal\/","url":"https:\/\/eurosegur.cat\/es\/aviso-legal\/","name":"Aviso legal - Eurosegur","isPartOf":{"@id":"https:\/\/eurosegur.cat\/es\/#website"},"datePublished":"2025-04-01T14:42:33+00:00","breadcrumb":{"@id":"https:\/\/eurosegur.cat\/es\/aviso-legal\/#breadcrumb"},"inLanguage":"es","potentialAction":[{"@type":"ReadAction","target":["https:\/\/eurosegur.cat\/es\/aviso-legal\/"]}]},{"@type":"BreadcrumbList","@id":"https:\/\/eurosegur.cat\/es\/aviso-legal\/#breadcrumb","itemListElement":[{"@type":"ListItem","position":1,"name":"Inici","item":"https:\/\/eurosegur.cat\/es\/eurosegur-gestion-inmobiliaria-y-seguros\/"},{"@type":"ListItem","position":2,"name":"Aviso legal"}]},{"@type":"WebSite","@id":"https:\/\/eurosegur.cat\/es\/#website","url":"https:\/\/eurosegur.cat\/es\/","name":"Eurosegur","description":"Asessorament inmobiliari personalitzat","potentialAction":[{"@type":"SearchAction","target":{"@type":"EntryPoint","urlTemplate":"https:\/\/eurosegur.cat\/es\/?s={search_term_string}"},"query-input":{"@type":"PropertyValueSpecification","valueRequired":true,"valueName":"search_term_string"}}],"inLanguage":"es"}]}},"_links":{"self":[{"href":"https:\/\/eurosegur.cat\/es\/wp-json\/wp\/v2\/pages\/4542","targetHints":{"allow":["GET"]}}],"collection":[{"href":"https:\/\/eurosegur.cat\/es\/wp-json\/wp\/v2\/pages"}],"about":[{"href":"https:\/\/eurosegur.cat\/es\/wp-json\/wp\/v2\/types\/page"}],"author":[{"embeddable":true,"href":"https:\/\/eurosegur.cat\/es\/wp-json\/wp\/v2\/users\/1"}],"replies":[{"embeddable":true,"href":"https:\/\/eurosegur.cat\/es\/wp-json\/wp\/v2\/comments?post=4542"}],"version-history":[{"count":0,"href":"https:\/\/eurosegur.cat\/es\/wp-json\/wp\/v2\/pages\/4542\/revisions"}],"wp:attachment":[{"href":"https:\/\/eurosegur.cat\/es\/wp-json\/wp\/v2\/media?parent=4542"}],"curies":[{"name":"wp","href":"https:\/\/api.w.org\/{rel}","templated":true}]}}