{"id":4552,"date":"2025-04-01T14:41:56","date_gmt":"2025-04-01T14:41:56","guid":{"rendered":"https:\/\/eurosegur.cat\/politica-de-cookies\/"},"modified":"2025-04-01T14:41:56","modified_gmt":"2025-04-01T14:41:56","slug":"politica-de-cookies","status":"publish","type":"page","link":"https:\/\/eurosegur.cat\/es\/politica-de-cookies\/","title":{"rendered":"Pol\u00edtica de cookies"},"content":{"rendered":"<h1 style=\"text-align: center;\">Pol\u00edtica de cookies<\/h1>\n<p>Este sitio web, al igual que la mayor\u00eda de los sitios en Internet, utiliza cookies para mejorar y optimizar la experiencia del usuario. A continuaci\u00f3n encontrar\u00e1s informaci\u00f3n sobre qu\u00e9 son las \u201ccookies\u201d, que tipolog\u00eda utiliza este sitio web y c\u00f3mo puedes desactivarlo en tu navegador.<\/p>\n<p><strong>\u00bfQu\u00e9 son las cookies?<\/strong><\/p>\n<p>Una cookie es un archivo que se descarga en el ordenador \/ Smartphone \/ tablet del usuario al acceder a determinadas p\u00e1ginas web para almacenar y recuperar informaci\u00f3n sobre la navegaci\u00f3n que se efect\u00faa desde este equipo. Para conocer m\u00e1s informaci\u00f3n sobre las cookies, QDQ media SAU le invita a acceder al siguiente enlace: <a href=\"http:\/\/www.iabspain.net\/privacidadeninternet\/usuario\" target=\"blank\" rel=\"noopener noreferrer\">http:\/\/www.iabspain.net\/privacidadeninternet\/usuario<br \/>\n<\/a>Pueden ser <strong>cookies propias<\/strong>: enviadas a tu ordenador y gestionadas exclusivamente por nosotros para el mejor funcionamiento del Sitio Web. La informaci\u00f3n que recaudamos se emplea para mejorar la calidad de nuestro servicio y tu experiencia como usuario.<br \/>\nO pueden ser <strong>cookies de terceros:<\/strong> aquellas establecidas por un dominio diferente a nuestro sitio web (por ejemplo al pulsar botones de redes sociales o visionar v\u00eddeos alojados en otro sitio web). No podemos acceder a los datos almacenados en las cookies de otros sitios web cuando navegues en dichos sitios web.<\/p>\n<p><strong>\u00bfC\u00f3mo puedo configurar mis preferencias?<\/strong><\/p>\n<p>Puede permitir, bloquear o eliminar las cookies instaladas en su equipo mediante la configuraci\u00f3n de las opciones de su navegador. En caso de que las bloquee, es posible que ciertos servicios que necesitan su uso no est\u00e9n disponibles.<br \/>\nA continuaci\u00f3n le ofrecemos enlaces en los que encontrar\u00e1 informaci\u00f3n sobre c\u00f3mo puede activar sus preferencias en los principales navegadores:<\/p>\n<p><a href=\"https:\/\/support.google.com\/chrome\/answer\/95647?hl=es\">https:\/\/support.google.com\/chrome\/answer\/95647?hl=es<\/a> Google Chrome<\/p>\n<p><a href=\"http:\/\/support.mozilla.org\/es\/kb\/cookies-informacion-que-los-sitios-web-guardan-en-?redirectlocale=en-US&amp;redirectslug=Cookies\" target=\"blank\" rel=\"noopener noreferrer\">http:\/\/support.mozilla.org\/es\/kb\/cookies-informacion-que-los-sitios-web-guardan-en-?redirectlocale=en-US&amp;redirectslug=Cookies<\/a> Mozilla Firefox<\/p>\n<p><a href=\"http:\/\/support.microsoft.com\/kb\/196955\/es\" target=\"blank\" rel=\"noopener noreferrer\">http:\/\/support.microsoft.com\/kb\/196955\/es<\/a> Internet Explorer<\/p>\n<p><a href=\"http:\/\/support.apple.com\/kb\/PH5042?viewlocale=es_ES\" target=\"blank\" rel=\"noopener noreferrer\">http:\/\/support.apple.com\/kb\/PH5042?viewlocale=es_ES<\/a> Safari<\/p>\n<p><a href=\"http:\/\/support.apple.com\/kb\/HT1677?viewlocale=es_ES\" target=\"blank\" rel=\"noopener noreferrer\">http:\/\/support.apple.com\/kb\/HT1677?viewlocale=es_ES<\/a> Safari para IOS (iPhone, iPad)<\/p>\n","protected":false},"excerpt":{"rendered":"<p>Pol\u00edtica de cookies Este sitio web, al igual que la  [&#8230;]<\/p>\n","protected":false},"author":1,"featured_media":0,"parent":0,"menu_order":0,"comment_status":"closed","ping_status":"closed","template":"100-width.php","meta":{"_acf_changed":false,"footnotes":""},"class_list":["post-4552","page","type-page","status-publish","hentry"],"acf":[],"yoast_head":"<!-- This site is optimized with the Yoast SEO plugin v25.3 - https:\/\/yoast.com\/wordpress\/plugins\/seo\/ -->\n<title>Pol\u00edtica de cookies - Eurosegur<\/title>\n<meta name=\"robots\" content=\"index, follow, max-snippet:-1, max-image-preview:large, max-video-preview:-1\" \/>\n<link rel=\"canonical\" href=\"https:\/\/eurosegur.cat\/es\/politica-de-cookies\/\" \/>\n<meta property=\"og:locale\" content=\"es_ES\" \/>\n<meta property=\"og:type\" content=\"article\" \/>\n<meta property=\"og:title\" content=\"Pol\u00edtica de cookies - Eurosegur\" \/>\n<meta property=\"og:description\" content=\"Pol\u00edtica de cookies Este sitio web, al igual que la [...]\" \/>\n<meta property=\"og:url\" content=\"https:\/\/eurosegur.cat\/es\/politica-de-cookies\/\" \/>\n<meta property=\"og:site_name\" content=\"Eurosegur\" \/>\n<meta name=\"twitter:card\" content=\"summary_large_image\" \/>\n<meta name=\"twitter:label1\" content=\"Tiempo de lectura\" \/>\n\t<meta name=\"twitter:data1\" content=\"2 minutos\" \/>\n<script type=\"application\/ld+json\" class=\"yoast-schema-graph\">{\"@context\":\"https:\/\/schema.org\",\"@graph\":[{\"@type\":\"WebPage\",\"@id\":\"https:\/\/eurosegur.cat\/es\/politica-de-cookies\/\",\"url\":\"https:\/\/eurosegur.cat\/es\/politica-de-cookies\/\",\"name\":\"Pol\u00edtica de cookies - Eurosegur\",\"isPartOf\":{\"@id\":\"https:\/\/eurosegur.cat\/es\/#website\"},\"datePublished\":\"2025-04-01T14:41:56+00:00\",\"breadcrumb\":{\"@id\":\"https:\/\/eurosegur.cat\/es\/politica-de-cookies\/#breadcrumb\"},\"inLanguage\":\"es\",\"potentialAction\":[{\"@type\":\"ReadAction\",\"target\":[\"https:\/\/eurosegur.cat\/es\/politica-de-cookies\/\"]}]},{\"@type\":\"BreadcrumbList\",\"@id\":\"https:\/\/eurosegur.cat\/es\/politica-de-cookies\/#breadcrumb\",\"itemListElement\":[{\"@type\":\"ListItem\",\"position\":1,\"name\":\"Inici\",\"item\":\"https:\/\/eurosegur.cat\/es\/eurosegur-gestion-inmobiliaria-y-seguros\/\"},{\"@type\":\"ListItem\",\"position\":2,\"name\":\"Pol\u00edtica de cookies\"}]},{\"@type\":\"WebSite\",\"@id\":\"https:\/\/eurosegur.cat\/es\/#website\",\"url\":\"https:\/\/eurosegur.cat\/es\/\",\"name\":\"Eurosegur\",\"description\":\"Asessorament inmobiliari personalitzat\",\"potentialAction\":[{\"@type\":\"SearchAction\",\"target\":{\"@type\":\"EntryPoint\",\"urlTemplate\":\"https:\/\/eurosegur.cat\/es\/?s={search_term_string}\"},\"query-input\":{\"@type\":\"PropertyValueSpecification\",\"valueRequired\":true,\"valueName\":\"search_term_string\"}}],\"inLanguage\":\"es\"}]}<\/script>\n<!-- \/ Yoast SEO plugin. -->","yoast_head_json":{"title":"Pol\u00edtica de cookies - Eurosegur","robots":{"index":"index","follow":"follow","max-snippet":"max-snippet:-1","max-image-preview":"max-image-preview:large","max-video-preview":"max-video-preview:-1"},"canonical":"https:\/\/eurosegur.cat\/es\/politica-de-cookies\/","og_locale":"es_ES","og_type":"article","og_title":"Pol\u00edtica de cookies - Eurosegur","og_description":"Pol\u00edtica de cookies Este sitio web, al igual que la [...]","og_url":"https:\/\/eurosegur.cat\/es\/politica-de-cookies\/","og_site_name":"Eurosegur","twitter_card":"summary_large_image","twitter_misc":{"Tiempo de lectura":"2 minutos"},"schema":{"@context":"https:\/\/schema.org","@graph":[{"@type":"WebPage","@id":"https:\/\/eurosegur.cat\/es\/politica-de-cookies\/","url":"https:\/\/eurosegur.cat\/es\/politica-de-cookies\/","name":"Pol\u00edtica de cookies - Eurosegur","isPartOf":{"@id":"https:\/\/eurosegur.cat\/es\/#website"},"datePublished":"2025-04-01T14:41:56+00:00","breadcrumb":{"@id":"https:\/\/eurosegur.cat\/es\/politica-de-cookies\/#breadcrumb"},"inLanguage":"es","potentialAction":[{"@type":"ReadAction","target":["https:\/\/eurosegur.cat\/es\/politica-de-cookies\/"]}]},{"@type":"BreadcrumbList","@id":"https:\/\/eurosegur.cat\/es\/politica-de-cookies\/#breadcrumb","itemListElement":[{"@type":"ListItem","position":1,"name":"Inici","item":"https:\/\/eurosegur.cat\/es\/eurosegur-gestion-inmobiliaria-y-seguros\/"},{"@type":"ListItem","position":2,"name":"Pol\u00edtica de cookies"}]},{"@type":"WebSite","@id":"https:\/\/eurosegur.cat\/es\/#website","url":"https:\/\/eurosegur.cat\/es\/","name":"Eurosegur","description":"Asessorament inmobiliari personalitzat","potentialAction":[{"@type":"SearchAction","target":{"@type":"EntryPoint","urlTemplate":"https:\/\/eurosegur.cat\/es\/?s={search_term_string}"},"query-input":{"@type":"PropertyValueSpecification","valueRequired":true,"valueName":"search_term_string"}}],"inLanguage":"es"}]}},"_links":{"self":[{"href":"https:\/\/eurosegur.cat\/es\/wp-json\/wp\/v2\/pages\/4552","targetHints":{"allow":["GET"]}}],"collection":[{"href":"https:\/\/eurosegur.cat\/es\/wp-json\/wp\/v2\/pages"}],"about":[{"href":"https:\/\/eurosegur.cat\/es\/wp-json\/wp\/v2\/types\/page"}],"author":[{"embeddable":true,"href":"https:\/\/eurosegur.cat\/es\/wp-json\/wp\/v2\/users\/1"}],"replies":[{"embeddable":true,"href":"https:\/\/eurosegur.cat\/es\/wp-json\/wp\/v2\/comments?post=4552"}],"version-history":[{"count":0,"href":"https:\/\/eurosegur.cat\/es\/wp-json\/wp\/v2\/pages\/4552\/revisions"}],"wp:attachment":[{"href":"https:\/\/eurosegur.cat\/es\/wp-json\/wp\/v2\/media?parent=4552"}],"curies":[{"name":"wp","href":"https:\/\/api.w.org\/{rel}","templated":true}]}}